{"id":896,"date":"2020-02-20T09:52:23","date_gmt":"2020-02-20T09:52:23","guid":{"rendered":"https:\/\/paladecoma.com\/empreses\/"},"modified":"2020-06-06T08:43:34","modified_gmt":"2020-06-06T08:43:34","slug":"empresas","status":"publish","type":"page","link":"https:\/\/paladecoma.com\/es\/empresas\/","title":{"rendered":"Empresas"},"content":{"rendered":"\t\t<div data-elementor-type=\"wp-page\" data-elementor-id=\"896\" class=\"elementor elementor-896 elementor-568\" data-elementor-post-type=\"page\">\n\t\t\t\t\t\t<section class=\"elementor-section elementor-top-section elementor-element elementor-element-3e32e19 elementor-section-boxed elementor-section-height-default elementor-section-height-default\" data-id=\"3e32e19\" data-element_type=\"section\">\n\t\t\t\t\t\t<div class=\"elementor-container elementor-column-gap-default\">\n\t\t\t\t\t<div class=\"elementor-column elementor-col-100 elementor-top-column elementor-element elementor-element-9f4c63e slide\" data-id=\"9f4c63e\" data-element_type=\"column\" data-settings=\"{&quot;background_background&quot;:&quot;classic&quot;}\">\n\t\t\t<div class=\"elementor-widget-wrap elementor-element-populated\">\n\t\t\t\t\t\t<div class=\"elementor-element elementor-element-7e48c5d elementor-widget elementor-widget-spacer\" data-id=\"7e48c5d\" data-element_type=\"widget\" data-widget_type=\"spacer.default\">\n\t\t\t\t<div class=\"elementor-widget-container\">\n\t\t\t\t\t\t\t<div class=\"elementor-spacer\">\n\t\t\t<div class=\"elementor-spacer-inner\"><\/div>\n\t\t<\/div>\n\t\t\t\t\t\t<\/div>\n\t\t\t\t<\/div>\n\t\t\t\t\t<\/div>\n\t\t<\/div>\n\t\t\t\t\t<\/div>\n\t\t<\/section>\n\t\t\t\t<section class=\"elementor-section elementor-top-section elementor-element elementor-element-04ad784 elementor-section-boxed elementor-section-height-default elementor-section-height-default\" data-id=\"04ad784\" data-element_type=\"section\">\n\t\t\t\t\t\t<div class=\"elementor-container elementor-column-gap-wider\">\n\t\t\t\t\t<div class=\"elementor-column elementor-col-33 elementor-top-column elementor-element elementor-element-f02561d\" data-id=\"f02561d\" data-element_type=\"column\">\n\t\t\t<div class=\"elementor-widget-wrap\">\n\t\t\t\t\t\t\t<\/div>\n\t\t<\/div>\n\t\t\t\t<div class=\"elementor-column elementor-col-33 elementor-top-column elementor-element elementor-element-acca98b\" data-id=\"acca98b\" data-element_type=\"column\">\n\t\t\t<div class=\"elementor-widget-wrap elementor-element-populated\">\n\t\t\t\t\t\t<div class=\"elementor-element elementor-element-2535abc elementor-invisible elementor-widget elementor-widget-uael-infobox\" data-id=\"2535abc\" data-element_type=\"widget\" data-settings=\"{&quot;_animation&quot;:&quot;fadeInUp&quot;}\" data-widget_type=\"uael-infobox.default\">\n\t\t\t\t<div class=\"elementor-widget-container\">\n\t\t\t\t\t\n<div class=\"uael-module-content uael-infobox uael-imgicon-style-normal  infobox-has-icon uael-infobox-icon-above-title  uael-infobox-link-type-none\">\n\t<div class=\"uael-infobox-left-right-wrap\">\n\t\t\t\t\t\t<div class=\"uael-infobox-content\">\n\t\t\t\t\t\t\t<div class=\"uael-module-content uael-imgicon-wrap \">\t\t\t\t\t\t\t\t\t\t\t\n\t\t\t\t\t\t\t\t\t\t\t\t\t\t<\/div>\n\t\t\t\t\t\t\t<div class='uael-infobox-title-wrap'><h5 class=\"uael-infobox-title-prefix elementor-inline-editing\" data-elementor-setting-key=\"infobox_title_prefix\" data-elementor-inline-editing-toolbar=\"basic\" >Reuniones de empresa<\/h5><h3 class=\"uael-infobox-title elementor-inline-editing\" data-elementor-setting-key=\"infobox_title\" data-elementor-inline-editing-toolbar=\"basic\" >Eventos corporativos<\/h3><\/div>\t\t\t\t\t\t\t\t\t<div class=\"uael-infobox-text-wrap\">\n\t\t\t\t<div class=\"uael-infobox-text elementor-inline-editing\" data-elementor-setting-key=\"infobox_description\" data-elementor-inline-editing-toolbar=\"advanced\">\n\t\t\t\t\tSi busc\u00e1is el lugar id\u00f3neo donde celebrar vuestra reuni\u00f3n de empresa en Cardona, en el Espai Rural Pal\u00e0 de Coma encontrar\u00e9is unas instalaciones con todas las comodidades e innovaciones tecnol\u00f3gicas, adem\u00e1s de un conjunto de servicios totalmente personalizados que har\u00e1n de vuestro encuentro una gran experiencia en equipo.\t\t\t\t<\/div>\n\t\t\t\t\t\n\t\t\t\t\t\t\t<\/div>\n\t\t<\/div>\n\t\t\t<\/div>\n<\/div>\n\t\t\t\t<\/div>\n\t\t\t\t<\/div>\n\t\t\t\t\t<\/div>\n\t\t<\/div>\n\t\t\t\t<div class=\"elementor-column elementor-col-33 elementor-top-column elementor-element elementor-element-6aac0a6\" data-id=\"6aac0a6\" data-element_type=\"column\">\n\t\t\t<div class=\"elementor-widget-wrap\">\n\t\t\t\t\t\t\t<\/div>\n\t\t<\/div>\n\t\t\t\t\t<\/div>\n\t\t<\/section>\n\t\t\t\t<section class=\"elementor-section elementor-top-section elementor-element elementor-element-e02f17b elementor-section-boxed elementor-section-height-default elementor-section-height-default\" data-id=\"e02f17b\" data-element_type=\"section\">\n\t\t\t\t\t\t<div class=\"elementor-container elementor-column-gap-wider\">\n\t\t\t\t\t<div class=\"elementor-column elementor-col-50 elementor-top-column elementor-element elementor-element-de38eb9\" data-id=\"de38eb9\" data-element_type=\"column\">\n\t\t\t<div class=\"elementor-widget-wrap elementor-element-populated\">\n\t\t\t\t\t\t<div class=\"elementor-element elementor-element-1868b44 elementor-invisible elementor-widget elementor-widget-uael-infobox\" data-id=\"1868b44\" data-element_type=\"widget\" data-settings=\"{&quot;_animation&quot;:&quot;fadeInLeft&quot;}\" data-widget_type=\"uael-infobox.default\">\n\t\t\t\t<div class=\"elementor-widget-container\">\n\t\t\t\t\t\n<div class=\"uael-module-content uael-infobox uael-imgicon-style-normal  uael-infobox-left  infobox-has-photo uael-infobox-photo-above-title  uael-infobox-link-type-none\">\n\t<div class=\"uael-infobox-left-right-wrap\">\n\t\t\t\t\t\t<div class=\"uael-infobox-content\">\n\t\t\t\t\t\t\t<div class=\"uael-module-content uael-imgicon-wrap \">\t\t\t\t\t\t\t\t\t\t\t\n\t\t\t\t\t\t\t\t\t\t\t\t\t\t\t\t<div class=\"uael-image\" itemscope itemtype=\"http:\/\/schema.org\/ImageObject\">\n\t\t\t\t\t\t\t<div class=\"uael-image-content elementor-animation- \">\n\t\t\t\t\t\t\t\t<img fetchpriority=\"high\" decoding=\"async\" width=\"1200\" height=\"800\" src=\"https:\/\/paladecoma.com\/wp-content\/uploads\/2020\/04\/Foto2.jpg\" class=\"attachment-full size-full wp-image-1582\" alt=\"\" srcset=\"https:\/\/paladecoma.com\/wp-content\/uploads\/2020\/04\/Foto2.jpg 1200w, https:\/\/paladecoma.com\/wp-content\/uploads\/2020\/04\/Foto2-300x200.jpg 300w, https:\/\/paladecoma.com\/wp-content\/uploads\/2020\/04\/Foto2-1024x683.jpg 1024w, https:\/\/paladecoma.com\/wp-content\/uploads\/2020\/04\/Foto2-768x512.jpg 768w\" sizes=\"(max-width: 1200px) 100vw, 1200px\" \/>\t\t\t\t\t\t\t<\/div>\n\t\t\t\t\t\t<\/div>\n\n\t\t\t\t\t\t\t\t\t<\/div>\n\t\t\t\t\t\t\t<div class='uael-infobox-title-wrap'><\/div>\t\t\t\t\t\t\t\t\t<div class=\"uael-infobox-text-wrap\">\n\t\t\t\t<div class=\"uael-infobox-text elementor-inline-editing\" data-elementor-setting-key=\"infobox_description\" data-elementor-inline-editing-toolbar=\"advanced\">\n\t\t\t\t\tEn Cal Jovellar hay diferentes espacios, tanto interiores como exteriores, que os permitir\u00e1n realizar vuestro encuentro de empresa: la Sala 1711, el comedor, el espacio chill-out, la planta baja de este espacio e, incluso, podemos instalar una carpa exterior para vuestra comodidad. Si necesit\u00e1is consultar la capacidad de los espacios y recibir m\u00e1s informaci\u00f3n al respecto, no dud\u00e9is en contactar con nosotros.\n<br \/><br \/>\nTodas las instalaciones os facilitar\u00e1n el desarrollo y la organizaci\u00f3n del encuentro y garantizar\u00e1n su total privacidad. Pero vuestro encuentro de equipo puede ir mucho m\u00e1s all\u00e1 gracias a unos servicios personalizados y a un entorno que ofrece un gran abanico de posibilidades.\n\n<br \/><br \/>\nReunirse en un sitio diferente con los compa\u00f1eros de trabajo es una experiencia para el recuerdo, por eso pod\u00e9is aprovechar estos momentos para realizar actividades fuera de lo habitual. En el Espai Rural Pal\u00e0 de Coma podr\u00e9is combinar vuestra reuni\u00f3n con rutas saludables y culturales o con momentos de relax y diversi\u00f3n en la sala polivalente y en el espacio chill-out.\t\t\t\t<\/div>\n\t\t\t\t\t\n\t\t\t\t\t\t\t<\/div>\n\t\t<\/div>\n\t\t\t<\/div>\n<\/div>\n\t\t\t\t<\/div>\n\t\t\t\t<\/div>\n\t\t\t\t\t<\/div>\n\t\t<\/div>\n\t\t\t\t<div class=\"elementor-column elementor-col-50 elementor-top-column elementor-element elementor-element-e17a79b\" data-id=\"e17a79b\" data-element_type=\"column\">\n\t\t\t<div class=\"elementor-widget-wrap elementor-element-populated\">\n\t\t\t\t\t\t<div class=\"elementor-element elementor-element-f9f1fd5 elementor-invisible elementor-widget elementor-widget-image\" data-id=\"f9f1fd5\" data-element_type=\"widget\" data-settings=\"{&quot;_animation&quot;:&quot;fadeInUp&quot;}\" data-widget_type=\"image.default\">\n\t\t\t\t<div class=\"elementor-widget-container\">\n\t\t\t\t\t\t\t\t\t\t\t\t\t\t\t<img decoding=\"async\" width=\"677\" height=\"1024\" src=\"https:\/\/paladecoma.com\/wp-content\/uploads\/2020\/04\/Foto3-677x1024.jpg\" class=\"attachment-large size-large wp-image-1584\" alt=\"\" srcset=\"https:\/\/paladecoma.com\/wp-content\/uploads\/2020\/04\/Foto3-677x1024.jpg 677w, https:\/\/paladecoma.com\/wp-content\/uploads\/2020\/04\/Foto3-198x300.jpg 198w, https:\/\/paladecoma.com\/wp-content\/uploads\/2020\/04\/Foto3-768x1162.jpg 768w, https:\/\/paladecoma.com\/wp-content\/uploads\/2020\/04\/Foto3.jpg 793w\" sizes=\"(max-width: 677px) 100vw, 677px\" \/>\t\t\t\t\t\t\t\t\t\t\t\t\t\t\t<\/div>\n\t\t\t\t<\/div>\n\t\t\t\t\t<\/div>\n\t\t<\/div>\n\t\t\t\t\t<\/div>\n\t\t<\/section>\n\t\t\t\t<\/div>\n\t\t","protected":false},"excerpt":{"rendered":"<p>Reuniones de empresa Eventos corporativos Si busc\u00e1is el lugar id\u00f3neo donde celebrar vuestra reuni\u00f3n de empresa en Cardona, en el Espai Rural Pal\u00e0 de Coma encontrar\u00e9is unas instalaciones con todas las comodidades e innovaciones tecnol\u00f3gicas, adem\u00e1s de un conjunto de servicios totalmente personalizados que har\u00e1n de vuestro encuentro una gran experiencia en equipo. En Cal [&hellip;]<\/p>\n","protected":false},"author":1,"featured_media":0,"parent":0,"menu_order":0,"comment_status":"closed","ping_status":"open","template":"","meta":{"site-sidebar-layout":"no-sidebar","site-content-layout":"page-builder","ast-site-content-layout":"default","site-content-style":"default","site-sidebar-style":"default","ast-global-header-display":"","ast-banner-title-visibility":"","ast-main-header-display":"","ast-hfb-above-header-display":"","ast-hfb-below-header-display":"","ast-hfb-mobile-header-display":"","site-post-title":"disabled","ast-breadcrumbs-content":"","ast-featured-img":"disabled","footer-sml-layout":"","ast-disable-related-posts":"","theme-transparent-header-meta":"default","adv-header-id-meta":"","stick-header-meta":"default","header-above-stick-meta":"","header-main-stick-meta":"","header-below-stick-meta":"","astra-migrate-meta-layouts":"default","ast-page-background-enabled":"default","ast-page-background-meta":{"desktop":{"background-color":"","background-image":"","background-repeat":"repeat","background-position":"center center","background-size":"auto","background-attachment":"scroll","background-type":"","background-media":"","overlay-type":"","overlay-color":"","overlay-opacity":"","overlay-gradient":""},"tablet":{"background-color":"","background-image":"","background-repeat":"repeat","background-position":"center center","background-size":"auto","background-attachment":"scroll","background-type":"","background-media":"","overlay-type":"","overlay-color":"","overlay-opacity":"","overlay-gradient":""},"mobile":{"background-color":"","background-image":"","background-repeat":"repeat","background-position":"center center","background-size":"auto","background-attachment":"scroll","background-type":"","background-media":"","overlay-type":"","overlay-color":"","overlay-opacity":"","overlay-gradient":""}},"ast-content-background-meta":{"desktop":{"background-color":"var(--ast-global-color-5)","background-image":"","background-repeat":"repeat","background-position":"center center","background-size":"auto","background-attachment":"scroll","background-type":"","background-media":"","overlay-type":"","overlay-color":"","overlay-opacity":"","overlay-gradient":""},"tablet":{"background-color":"var(--ast-global-color-5)","background-image":"","background-repeat":"repeat","background-position":"center center","background-size":"auto","background-attachment":"scroll","background-type":"","background-media":"","overlay-type":"","overlay-color":"","overlay-opacity":"","overlay-gradient":""},"mobile":{"background-color":"var(--ast-global-color-5)","background-image":"","background-repeat":"repeat","background-position":"center center","background-size":"auto","background-attachment":"scroll","background-type":"","background-media":"","overlay-type":"","overlay-color":"","overlay-opacity":"","overlay-gradient":""}},"footnotes":""},"class_list":["post-896","page","type-page","status-publish","hentry"],"_links":{"self":[{"href":"https:\/\/paladecoma.com\/es\/wp-json\/wp\/v2\/pages\/896","targetHints":{"allow":["GET"]}}],"collection":[{"href":"https:\/\/paladecoma.com\/es\/wp-json\/wp\/v2\/pages"}],"about":[{"href":"https:\/\/paladecoma.com\/es\/wp-json\/wp\/v2\/types\/page"}],"author":[{"embeddable":true,"href":"https:\/\/paladecoma.com\/es\/wp-json\/wp\/v2\/users\/1"}],"replies":[{"embeddable":true,"href":"https:\/\/paladecoma.com\/es\/wp-json\/wp\/v2\/comments?post=896"}],"version-history":[{"count":9,"href":"https:\/\/paladecoma.com\/es\/wp-json\/wp\/v2\/pages\/896\/revisions"}],"predecessor-version":[{"id":2600,"href":"https:\/\/paladecoma.com\/es\/wp-json\/wp\/v2\/pages\/896\/revisions\/2600"}],"wp:attachment":[{"href":"https:\/\/paladecoma.com\/es\/wp-json\/wp\/v2\/media?parent=896"}],"curies":[{"name":"wp","href":"https:\/\/api.w.org\/{rel}","templated":true}]}}