{"id":900,"date":"2020-02-20T09:32:51","date_gmt":"2020-02-20T09:32:51","guid":{"rendered":"https:\/\/paladecoma.com\/esdeveniments\/"},"modified":"2020-06-01T17:15:56","modified_gmt":"2020-06-01T17:15:56","slug":"eventos","status":"publish","type":"page","link":"https:\/\/paladecoma.com\/es\/eventos\/","title":{"rendered":"Eventos"},"content":{"rendered":"\t\t<div data-elementor-type=\"wp-page\" data-elementor-id=\"900\" class=\"elementor elementor-900 elementor-554\" data-elementor-post-type=\"page\">\n\t\t\t\t\t\t<section class=\"elementor-section elementor-top-section elementor-element elementor-element-3e32e19 elementor-section-boxed elementor-section-height-default elementor-section-height-default\" data-id=\"3e32e19\" data-element_type=\"section\">\n\t\t\t\t\t\t<div class=\"elementor-container elementor-column-gap-default\">\n\t\t\t\t\t<div class=\"elementor-column elementor-col-100 elementor-top-column elementor-element elementor-element-9f4c63e slide\" data-id=\"9f4c63e\" data-element_type=\"column\" data-settings=\"{&quot;background_background&quot;:&quot;classic&quot;}\">\n\t\t\t<div class=\"elementor-widget-wrap elementor-element-populated\">\n\t\t\t\t\t\t<div class=\"elementor-element elementor-element-7e48c5d elementor-widget elementor-widget-spacer\" data-id=\"7e48c5d\" data-element_type=\"widget\" data-widget_type=\"spacer.default\">\n\t\t\t\t<div class=\"elementor-widget-container\">\n\t\t\t\t\t\t\t<div class=\"elementor-spacer\">\n\t\t\t<div class=\"elementor-spacer-inner\"><\/div>\n\t\t<\/div>\n\t\t\t\t\t\t<\/div>\n\t\t\t\t<\/div>\n\t\t\t\t\t<\/div>\n\t\t<\/div>\n\t\t\t\t\t<\/div>\n\t\t<\/section>\n\t\t\t\t<section class=\"elementor-section elementor-top-section elementor-element elementor-element-04ad784 elementor-section-boxed elementor-section-height-default elementor-section-height-default\" data-id=\"04ad784\" data-element_type=\"section\">\n\t\t\t\t\t\t<div class=\"elementor-container elementor-column-gap-wider\">\n\t\t\t\t\t<div class=\"elementor-column elementor-col-33 elementor-top-column elementor-element elementor-element-f02561d\" data-id=\"f02561d\" data-element_type=\"column\">\n\t\t\t<div class=\"elementor-widget-wrap\">\n\t\t\t\t\t\t\t<\/div>\n\t\t<\/div>\n\t\t\t\t<div class=\"elementor-column elementor-col-33 elementor-top-column elementor-element elementor-element-acca98b\" data-id=\"acca98b\" data-element_type=\"column\">\n\t\t\t<div class=\"elementor-widget-wrap elementor-element-populated\">\n\t\t\t\t\t\t<div class=\"elementor-element elementor-element-2535abc elementor-invisible elementor-widget elementor-widget-uael-infobox\" data-id=\"2535abc\" data-element_type=\"widget\" data-settings=\"{&quot;_animation&quot;:&quot;fadeInUp&quot;}\" data-widget_type=\"uael-infobox.default\">\n\t\t\t\t<div class=\"elementor-widget-container\">\n\t\t\t\t\t\n<div class=\"uael-module-content uael-infobox uael-imgicon-style-normal  infobox-has-icon uael-infobox-icon-above-title  uael-infobox-link-type-none\">\n\t<div class=\"uael-infobox-left-right-wrap\">\n\t\t\t\t\t\t<div class=\"uael-infobox-content\">\n\t\t\t\t\t\t\t<div class=\"uael-module-content uael-imgicon-wrap \">\t\t\t\t\t\t\t\t\t\t\t\n\t\t\t\t\t\t\t\t\t\t\t\t\t\t<\/div>\n\t\t\t\t\t\t\t<div class='uael-infobox-title-wrap'><h5 class=\"uael-infobox-title-prefix elementor-inline-editing\" data-elementor-setting-key=\"infobox_title_prefix\" data-elementor-inline-editing-toolbar=\"basic\" >Una ubicaci\u00f3n privilegiada<\/h5><h3 class=\"uael-infobox-title elementor-inline-editing\" data-elementor-setting-key=\"infobox_title\" data-elementor-inline-editing-toolbar=\"basic\" >Celebraciones exclusivas <\/h3><\/div>\t\t\t\t\t\t\t\t\t<div class=\"uael-infobox-text-wrap\">\n\t\t\t\t<div class=\"uael-infobox-text elementor-inline-editing\" data-elementor-setting-key=\"infobox_description\" data-elementor-inline-editing-toolbar=\"advanced\">\n\t\t\t\t\tEl Espai Rural Pal\u00e0 de Coma ofrece el escenario perfecto para disfrutar de los d\u00edas m\u00e1s especiales como son las bodas, comuniones, bautizos, cumplea\u00f1os o cualquier otro acontecimiento. A tan solo una hora y media de Barcelona, pod\u00e9is celebrar vuestro evento en Cardona, en una ubicaci\u00f3n privilegiada.\t\t\t\t<\/div>\n\t\t\t\t\t\n\t\t\t\t\t\t\t<\/div>\n\t\t<\/div>\n\t\t\t<\/div>\n<\/div>\n\t\t\t\t<\/div>\n\t\t\t\t<\/div>\n\t\t\t\t\t<\/div>\n\t\t<\/div>\n\t\t\t\t<div class=\"elementor-column elementor-col-33 elementor-top-column elementor-element elementor-element-6aac0a6\" data-id=\"6aac0a6\" data-element_type=\"column\">\n\t\t\t<div class=\"elementor-widget-wrap\">\n\t\t\t\t\t\t\t<\/div>\n\t\t<\/div>\n\t\t\t\t\t<\/div>\n\t\t<\/section>\n\t\t\t\t<section class=\"elementor-section elementor-top-section elementor-element elementor-element-e02f17b elementor-section-boxed elementor-section-height-default elementor-section-height-default\" data-id=\"e02f17b\" data-element_type=\"section\">\n\t\t\t\t\t\t<div class=\"elementor-container elementor-column-gap-wider\">\n\t\t\t\t\t<div class=\"elementor-column elementor-col-50 elementor-top-column elementor-element elementor-element-de38eb9\" data-id=\"de38eb9\" data-element_type=\"column\">\n\t\t\t<div class=\"elementor-widget-wrap elementor-element-populated\">\n\t\t\t\t\t\t<div class=\"elementor-element elementor-element-1868b44 elementor-invisible elementor-widget elementor-widget-uael-infobox\" data-id=\"1868b44\" data-element_type=\"widget\" data-settings=\"{&quot;_animation&quot;:&quot;fadeInLeft&quot;}\" data-widget_type=\"uael-infobox.default\">\n\t\t\t\t<div class=\"elementor-widget-container\">\n\t\t\t\t\t\n<div class=\"uael-module-content uael-infobox uael-imgicon-style-normal  uael-infobox-left  infobox-has-photo uael-infobox-photo-above-title  uael-infobox-link-type-none\">\n\t<div class=\"uael-infobox-left-right-wrap\">\n\t\t\t\t\t\t<div class=\"uael-infobox-content\">\n\t\t\t\t\t\t\t<div class=\"uael-module-content uael-imgicon-wrap \">\t\t\t\t\t\t\t\t\t\t\t\n\t\t\t\t\t\t\t\t\t\t\t\t\t\t\t\t<div class=\"uael-image\" itemscope itemtype=\"http:\/\/schema.org\/ImageObject\">\n\t\t\t\t\t\t\t<div class=\"uael-image-content elementor-animation- \">\n\t\t\t\t\t\t\t\t<img fetchpriority=\"high\" decoding=\"async\" width=\"2560\" height=\"1708\" src=\"https:\/\/paladecoma.com\/wp-content\/uploads\/2020\/02\/web-PC-serveis-fotos-06-scaled.jpg\" class=\"attachment-full size-full wp-image-557\" alt=\"\" srcset=\"https:\/\/paladecoma.com\/wp-content\/uploads\/2020\/02\/web-PC-serveis-fotos-06-scaled.jpg 2560w, https:\/\/paladecoma.com\/wp-content\/uploads\/2020\/02\/web-PC-serveis-fotos-06-300x200.jpg 300w, https:\/\/paladecoma.com\/wp-content\/uploads\/2020\/02\/web-PC-serveis-fotos-06-1024x683.jpg 1024w, https:\/\/paladecoma.com\/wp-content\/uploads\/2020\/02\/web-PC-serveis-fotos-06-768x512.jpg 768w, https:\/\/paladecoma.com\/wp-content\/uploads\/2020\/02\/web-PC-serveis-fotos-06-1536x1025.jpg 1536w, https:\/\/paladecoma.com\/wp-content\/uploads\/2020\/02\/web-PC-serveis-fotos-06-2048x1367.jpg 2048w\" sizes=\"(max-width: 2560px) 100vw, 2560px\" \/>\t\t\t\t\t\t\t<\/div>\n\t\t\t\t\t\t<\/div>\n\n\t\t\t\t\t\t\t\t\t<\/div>\n\t\t\t\t\t\t\t<div class='uael-infobox-title-wrap'><\/div>\t\t\t\t\t\t\t\t\t<div class=\"uael-infobox-text-wrap\">\n\t\t\t\t<div class=\"uael-infobox-text elementor-inline-editing\" data-elementor-setting-key=\"infobox_description\" data-elementor-inline-editing-toolbar=\"advanced\">\n\t\t\t\t\tLa finca, con m\u00e1s de 455 hect\u00e1reas y casi mil a\u00f1os de historia, y el alojamiento, una mas\u00eda del siglo XVII completamente rehabilitada y reacondicionada, otorgar\u00e1n a vuestra celebraci\u00f3n un ambiente \u00edntimo, campestre y original.\n<\/br><\/br>\nCombinando los elementos r\u00fasticos con detalles m\u00e1s \u00edntimos, conseguir\u00e9is un evento lleno de personalidad. El marco natural que rodea el Espai Rural Pal\u00e0 de Coma ofrece la oportunidad de crear un ambiente m\u00e1gico, fusionando detalles decorativos con la misma belleza del entorno.\n<\/br><\/br>\n\nAdem\u00e1s, dispondr\u00e9is de todo el Espai Rural para vosotros y vuestros invitados. De este modo, podr\u00e9is disfrutar al m\u00e1ximo de vuestro d\u00eda, sin pensar en horarios ni prisas, y tendr\u00e9is libertad para organizar vuestro evento tal como lo hab\u00edais imaginado.\n\t\t\t\t<\/div>\n\t\t\t\t\t\n\t\t\t\t\t\t\t<\/div>\n\t\t<\/div>\n\t\t\t<\/div>\n<\/div>\n\t\t\t\t<\/div>\n\t\t\t\t<\/div>\n\t\t\t\t\t<\/div>\n\t\t<\/div>\n\t\t\t\t<div class=\"elementor-column elementor-col-50 elementor-top-column elementor-element elementor-element-e17a79b\" data-id=\"e17a79b\" data-element_type=\"column\">\n\t\t\t<div class=\"elementor-widget-wrap elementor-element-populated\">\n\t\t\t\t\t\t<div class=\"elementor-element elementor-element-f9f1fd5 elementor-invisible elementor-widget elementor-widget-image\" data-id=\"f9f1fd5\" data-element_type=\"widget\" data-settings=\"{&quot;_animation&quot;:&quot;fadeInUp&quot;}\" data-widget_type=\"image.default\">\n\t\t\t\t<div class=\"elementor-widget-container\">\n\t\t\t\t\t\t\t\t\t\t\t\t\t\t\t<img decoding=\"async\" width=\"683\" height=\"1024\" src=\"https:\/\/paladecoma.com\/wp-content\/uploads\/2020\/02\/web-PC-serveis-fotos-07-683x1024.jpg\" class=\"attachment-large size-large wp-image-558\" alt=\"\" srcset=\"https:\/\/paladecoma.com\/wp-content\/uploads\/2020\/02\/web-PC-serveis-fotos-07-683x1024.jpg 683w, https:\/\/paladecoma.com\/wp-content\/uploads\/2020\/02\/web-PC-serveis-fotos-07-200x300.jpg 200w, https:\/\/paladecoma.com\/wp-content\/uploads\/2020\/02\/web-PC-serveis-fotos-07-768x1152.jpg 768w, https:\/\/paladecoma.com\/wp-content\/uploads\/2020\/02\/web-PC-serveis-fotos-07-1024x1536.jpg 1024w, https:\/\/paladecoma.com\/wp-content\/uploads\/2020\/02\/web-PC-serveis-fotos-07-1365x2048.jpg 1365w, https:\/\/paladecoma.com\/wp-content\/uploads\/2020\/02\/web-PC-serveis-fotos-07-scaled.jpg 1706w\" sizes=\"(max-width: 683px) 100vw, 683px\" \/>\t\t\t\t\t\t\t\t\t\t\t\t\t\t\t<\/div>\n\t\t\t\t<\/div>\n\t\t\t\t\t<\/div>\n\t\t<\/div>\n\t\t\t\t\t<\/div>\n\t\t<\/section>\n\t\t\t\t<section class=\"elementor-section elementor-top-section elementor-element elementor-element-c095e8c elementor-section-boxed elementor-section-height-default elementor-section-height-default\" data-id=\"c095e8c\" data-element_type=\"section\">\n\t\t\t\t\t\t<div class=\"elementor-container elementor-column-gap-wider\">\n\t\t\t\t\t<div class=\"elementor-column elementor-col-33 elementor-top-column elementor-element elementor-element-9b4aed7\" data-id=\"9b4aed7\" data-element_type=\"column\">\n\t\t\t<div class=\"elementor-widget-wrap\">\n\t\t\t\t\t\t\t<\/div>\n\t\t<\/div>\n\t\t\t\t<div class=\"elementor-column elementor-col-33 elementor-top-column elementor-element elementor-element-929ef19\" data-id=\"929ef19\" data-element_type=\"column\">\n\t\t\t<div class=\"elementor-widget-wrap elementor-element-populated\">\n\t\t\t\t\t\t<div class=\"elementor-element elementor-element-763bb6f elementor-invisible elementor-widget elementor-widget-uael-infobox\" data-id=\"763bb6f\" data-element_type=\"widget\" data-settings=\"{&quot;_animation&quot;:&quot;fadeInUp&quot;}\" data-widget_type=\"uael-infobox.default\">\n\t\t\t\t<div class=\"elementor-widget-container\">\n\t\t\t\t\t\n<div class=\"uael-module-content uael-infobox uael-imgicon-style-normal  infobox-has-icon uael-infobox-icon-above-title  uael-infobox-link-type-none\">\n\t<div class=\"uael-infobox-left-right-wrap\">\n\t\t\t\t\t\t<div class=\"uael-infobox-content\">\n\t\t\t\t\t\t\t<div class=\"uael-module-content uael-imgicon-wrap \">\t\t\t\t\t\t\t\t\t\t\t\n\t\t\t\t\t\t\t\t\t\t\t\t\t\t<\/div>\n\t\t\t\t\t\t\t<div class='uael-infobox-title-wrap'><h5 class=\"uael-infobox-title-prefix elementor-inline-editing\" data-elementor-setting-key=\"infobox_title_prefix\" data-elementor-inline-editing-toolbar=\"basic\" >Cuidadas hasta el m\u00ednimo detalle<\/h5><h3 class=\"uael-infobox-title elementor-inline-editing\" data-elementor-setting-key=\"infobox_title\" data-elementor-inline-editing-toolbar=\"basic\" >Bodas para el recuerdo<\/h3><\/div>\t\t\t\t\t\t\t\t\t<div class=\"uael-infobox-text-wrap\">\n\t\t\t\t<div class=\"uael-infobox-text elementor-inline-editing\" data-elementor-setting-key=\"infobox_description\" data-elementor-inline-editing-toolbar=\"advanced\">\n\t\t\t\t\t\u00bfSo\u00f1\u00e1is con una boda original, \u00fanica y exclusiva? Las m\u00e1s de 455 hect\u00e1reas del Espai Rural Pal\u00e0 de Coma os garantizar\u00e1n una boda en plena naturaleza, pudiendo disfrutar de una ceremonia \u00edntima en una finca con esencia milenaria.\t\t\t\t<\/div>\n\t\t\t\t\t\n\t\t\t\t\t\t\t<\/div>\n\t\t<\/div>\n\t\t\t<\/div>\n<\/div>\n\t\t\t\t<\/div>\n\t\t\t\t<\/div>\n\t\t\t\t\t<\/div>\n\t\t<\/div>\n\t\t\t\t<div class=\"elementor-column elementor-col-33 elementor-top-column elementor-element elementor-element-cc093c5\" data-id=\"cc093c5\" data-element_type=\"column\">\n\t\t\t<div class=\"elementor-widget-wrap\">\n\t\t\t\t\t\t\t<\/div>\n\t\t<\/div>\n\t\t\t\t\t<\/div>\n\t\t<\/section>\n\t\t\t\t<section class=\"elementor-section elementor-top-section elementor-element elementor-element-88ab99e elementor-section-boxed elementor-section-height-default elementor-section-height-default\" data-id=\"88ab99e\" data-element_type=\"section\">\n\t\t\t\t\t\t<div class=\"elementor-container elementor-column-gap-wider\">\n\t\t\t\t\t<div class=\"elementor-column elementor-col-50 elementor-top-column elementor-element elementor-element-2ff9ff1\" data-id=\"2ff9ff1\" data-element_type=\"column\">\n\t\t\t<div class=\"elementor-widget-wrap elementor-element-populated\">\n\t\t\t\t\t\t<div class=\"elementor-element elementor-element-7a45abb elementor-invisible elementor-widget elementor-widget-uael-infobox\" data-id=\"7a45abb\" data-element_type=\"widget\" data-settings=\"{&quot;_animation&quot;:&quot;fadeInLeft&quot;}\" data-widget_type=\"uael-infobox.default\">\n\t\t\t\t<div class=\"elementor-widget-container\">\n\t\t\t\t\t\n<div class=\"uael-module-content uael-infobox uael-imgicon-style-normal  uael-infobox-left  infobox-has-photo uael-infobox-photo-above-title  uael-infobox-link-type-none\">\n\t<div class=\"uael-infobox-left-right-wrap\">\n\t\t\t\t\t\t<div class=\"uael-infobox-content\">\n\t\t\t\t\t\t\t<div class=\"uael-module-content uael-imgicon-wrap \">\t\t\t\t\t\t\t\t\t\t\t\n\t\t\t\t\t\t\t\t\t\t\t\t\t\t\t\t<div class=\"uael-image\" itemscope itemtype=\"http:\/\/schema.org\/ImageObject\">\n\t\t\t\t\t\t\t<div class=\"uael-image-content elementor-animation- \">\n\t\t\t\t\t\t\t\t<img decoding=\"async\" width=\"2560\" height=\"1707\" src=\"https:\/\/paladecoma.com\/wp-content\/uploads\/2020\/02\/web-PC-serveis-fotos-08-scaled.jpg\" class=\"attachment-full size-full wp-image-561\" alt=\"\" srcset=\"https:\/\/paladecoma.com\/wp-content\/uploads\/2020\/02\/web-PC-serveis-fotos-08-scaled.jpg 2560w, https:\/\/paladecoma.com\/wp-content\/uploads\/2020\/02\/web-PC-serveis-fotos-08-300x200.jpg 300w, https:\/\/paladecoma.com\/wp-content\/uploads\/2020\/02\/web-PC-serveis-fotos-08-1024x683.jpg 1024w, https:\/\/paladecoma.com\/wp-content\/uploads\/2020\/02\/web-PC-serveis-fotos-08-768x512.jpg 768w, https:\/\/paladecoma.com\/wp-content\/uploads\/2020\/02\/web-PC-serveis-fotos-08-1536x1024.jpg 1536w, https:\/\/paladecoma.com\/wp-content\/uploads\/2020\/02\/web-PC-serveis-fotos-08-2048x1365.jpg 2048w\" sizes=\"(max-width: 2560px) 100vw, 2560px\" \/>\t\t\t\t\t\t\t<\/div>\n\t\t\t\t\t\t<\/div>\n\n\t\t\t\t\t\t\t\t\t<\/div>\n\t\t\t\t\t\t\t<div class='uael-infobox-title-wrap'><\/div>\t\t\t\t\t\t\t\t\t<div class=\"uael-infobox-text-wrap\">\n\t\t\t\t<div class=\"uael-infobox-text elementor-inline-editing\" data-elementor-setting-key=\"infobox_description\" data-elementor-inline-editing-toolbar=\"advanced\">\n\t\t\t\t\tUna mas\u00eda rehabilitada con su amplio espacio exterior resulta el escenario perfecto para celebrar un d\u00eda tan especial, lejos del ajetreo de la ciudad pero, a la vez, en una finca rural muy cerca de Barcelona, concretamente en Cardona.\n<br \/><br>\nEl Espai Rural Pal\u00e0 de Coma abre sus puertas a un mundo de posibilidades, donde es posible dise\u00f1ar y organizar vuestra boda con un conjunto de servicios personalizados, porque nuestro prop\u00f3sito es buscar la m\u00e1xima exclusividad para que sea \u00fanica e inolvidable.\n<br \/><br>\nLa belleza natural del paisaje se convierte en el complemento ideal para vuestra celebraci\u00f3n, puesto que podr\u00e9is disfrutar de las impresionantes vistas y de bonitas panor\u00e1micas durante vuestra ceremonia y banquete. \n<br \/><br>\nEl trato familiar, la privacidad y la calidez es lo que nos distingue. Por esta raz\u00f3n, del Espai Rural Pal\u00e0 de Coma os podr\u00e9is llevar una colecci\u00f3n de recuerdos inolvidables y emotivos. Os esperamos para hacer de vuestra boda, un d\u00eda para el recuerdo.\t\t\t\t<\/div>\n\t\t\t\t\t\n\t\t\t\t\t\t\t<\/div>\n\t\t<\/div>\n\t\t\t<\/div>\n<\/div>\n\t\t\t\t<\/div>\n\t\t\t\t<\/div>\n\t\t\t\t\t<\/div>\n\t\t<\/div>\n\t\t\t\t<div class=\"elementor-column elementor-col-50 elementor-top-column elementor-element elementor-element-26f71ae\" data-id=\"26f71ae\" data-element_type=\"column\">\n\t\t\t<div class=\"elementor-widget-wrap elementor-element-populated\">\n\t\t\t\t\t\t<div class=\"elementor-element elementor-element-cc19052 elementor-invisible elementor-widget elementor-widget-image\" data-id=\"cc19052\" data-element_type=\"widget\" data-settings=\"{&quot;_animation&quot;:&quot;fadeInUp&quot;}\" data-widget_type=\"image.default\">\n\t\t\t\t<div class=\"elementor-widget-container\">\n\t\t\t\t\t\t\t\t\t\t\t\t\t\t\t<img loading=\"lazy\" decoding=\"async\" width=\"727\" height=\"1024\" src=\"https:\/\/paladecoma.com\/wp-content\/uploads\/2020\/02\/web-PC-serveis-fotos-09-727x1024.jpg\" class=\"attachment-large size-large wp-image-563\" alt=\"\" srcset=\"https:\/\/paladecoma.com\/wp-content\/uploads\/2020\/02\/web-PC-serveis-fotos-09-727x1024.jpg 727w, https:\/\/paladecoma.com\/wp-content\/uploads\/2020\/02\/web-PC-serveis-fotos-09-213x300.jpg 213w, https:\/\/paladecoma.com\/wp-content\/uploads\/2020\/02\/web-PC-serveis-fotos-09-768x1082.jpg 768w, https:\/\/paladecoma.com\/wp-content\/uploads\/2020\/02\/web-PC-serveis-fotos-09-1091x1536.jpg 1091w, https:\/\/paladecoma.com\/wp-content\/uploads\/2020\/02\/web-PC-serveis-fotos-09-1454x2048.jpg 1454w, https:\/\/paladecoma.com\/wp-content\/uploads\/2020\/02\/web-PC-serveis-fotos-09.jpg 1787w\" sizes=\"(max-width: 727px) 100vw, 727px\" \/>\t\t\t\t\t\t\t\t\t\t\t\t\t\t\t<\/div>\n\t\t\t\t<\/div>\n\t\t\t\t\t<\/div>\n\t\t<\/div>\n\t\t\t\t\t<\/div>\n\t\t<\/section>\n\t\t\t\t<\/div>\n\t\t","protected":false},"excerpt":{"rendered":"<p>Una ubicaci\u00f3n privilegiada Celebraciones exclusivas El Espai Rural Pal\u00e0 de Coma ofrece el escenario perfecto para disfrutar de los d\u00edas m\u00e1s especiales como son las bodas, comuniones, bautizos, cumplea\u00f1os o cualquier otro acontecimiento. A tan solo una hora y media de Barcelona, pod\u00e9is celebrar vuestro evento en Cardona, en una ubicaci\u00f3n privilegiada. La finca, con [&hellip;]<\/p>\n","protected":false},"author":1,"featured_media":0,"parent":0,"menu_order":0,"comment_status":"closed","ping_status":"open","template":"","meta":{"site-sidebar-layout":"no-sidebar","site-content-layout":"page-builder","ast-site-content-layout":"default","site-content-style":"default","site-sidebar-style":"default","ast-global-header-display":"","ast-banner-title-visibility":"","ast-main-header-display":"","ast-hfb-above-header-display":"","ast-hfb-below-header-display":"","ast-hfb-mobile-header-display":"","site-post-title":"disabled","ast-breadcrumbs-content":"","ast-featured-img":"disabled","footer-sml-layout":"","ast-disable-related-posts":"","theme-transparent-header-meta":"default","adv-header-id-meta":"","stick-header-meta":"default","header-above-stick-meta":"","header-main-stick-meta":"","header-below-stick-meta":"","astra-migrate-meta-layouts":"default","ast-page-background-enabled":"default","ast-page-background-meta":{"desktop":{"background-color":"","background-image":"","background-repeat":"repeat","background-position":"center center","background-size":"auto","background-attachment":"scroll","background-type":"","background-media":"","overlay-type":"","overlay-color":"","overlay-opacity":"","overlay-gradient":""},"tablet":{"background-color":"","background-image":"","background-repeat":"repeat","background-position":"center center","background-size":"auto","background-attachment":"scroll","background-type":"","background-media":"","overlay-type":"","overlay-color":"","overlay-opacity":"","overlay-gradient":""},"mobile":{"background-color":"","background-image":"","background-repeat":"repeat","background-position":"center center","background-size":"auto","background-attachment":"scroll","background-type":"","background-media":"","overlay-type":"","overlay-color":"","overlay-opacity":"","overlay-gradient":""}},"ast-content-background-meta":{"desktop":{"background-color":"var(--ast-global-color-5)","background-image":"","background-repeat":"repeat","background-position":"center center","background-size":"auto","background-attachment":"scroll","background-type":"","background-media":"","overlay-type":"","overlay-color":"","overlay-opacity":"","overlay-gradient":""},"tablet":{"background-color":"var(--ast-global-color-5)","background-image":"","background-repeat":"repeat","background-position":"center center","background-size":"auto","background-attachment":"scroll","background-type":"","background-media":"","overlay-type":"","overlay-color":"","overlay-opacity":"","overlay-gradient":""},"mobile":{"background-color":"var(--ast-global-color-5)","background-image":"","background-repeat":"repeat","background-position":"center center","background-size":"auto","background-attachment":"scroll","background-type":"","background-media":"","overlay-type":"","overlay-color":"","overlay-opacity":"","overlay-gradient":""}},"footnotes":""},"class_list":["post-900","page","type-page","status-publish","hentry"],"_links":{"self":[{"href":"https:\/\/paladecoma.com\/es\/wp-json\/wp\/v2\/pages\/900","targetHints":{"allow":["GET"]}}],"collection":[{"href":"https:\/\/paladecoma.com\/es\/wp-json\/wp\/v2\/pages"}],"about":[{"href":"https:\/\/paladecoma.com\/es\/wp-json\/wp\/v2\/types\/page"}],"author":[{"embeddable":true,"href":"https:\/\/paladecoma.com\/es\/wp-json\/wp\/v2\/users\/1"}],"replies":[{"embeddable":true,"href":"https:\/\/paladecoma.com\/es\/wp-json\/wp\/v2\/comments?post=900"}],"version-history":[{"count":7,"href":"https:\/\/paladecoma.com\/es\/wp-json\/wp\/v2\/pages\/900\/revisions"}],"predecessor-version":[{"id":2496,"href":"https:\/\/paladecoma.com\/es\/wp-json\/wp\/v2\/pages\/900\/revisions\/2496"}],"wp:attachment":[{"href":"https:\/\/paladecoma.com\/es\/wp-json\/wp\/v2\/media?parent=900"}],"curies":[{"name":"wp","href":"https:\/\/api.w.org\/{rel}","templated":true}]}}